{"id":908,"date":"2018-08-02T21:41:49","date_gmt":"2018-08-02T21:41:49","guid":{"rendered":"http:\/\/109.199.126.169\/~jpwebseo\/demo\/Haikyu\/?page_id=908"},"modified":"2018-10-04T06:59:03","modified_gmt":"2018-10-04T06:59:03","slug":"lien-he","status":"publish","type":"page","link":"https:\/\/haikyu.vn\/dev\/lien-he\/","title":{"rendered":"Li\u00ean H\u1ec7"},"content":{"rendered":"<p>[vc_row el_class=&#8221;contact-form&#8221;][vc_column el_class=&#8221;box-noidung&#8221;][vc_column_text]<\/p>\n<div class=\"div-title right\">\n<h3 class=\"title-noidung\">Li\u00ean H\u1ec7<\/h3>\n<\/div>\n<p>[\/vc_column_text][vc_row_inner][vc_column_inner el_class=&#8221;padding-35&#8243;][vc_column_text el_class=&#8221;top-contact&#8221;]<\/p>\n<div class=\"content-contact\">\n<h2 class=\"post-title\">Th\u00f4ng tin li\u00ean h\u1ec7<\/h2>\n<p>Qu\u00fd kh\u00e1ch vui l\u00f2ng \u0111i\u1ec1n th\u00f4ng tin theo m\u1eabu form d\u01b0\u1edbi \u0111\u00e2y \u0111\u1ec3 li\u00ean h\u1ec7 v\u1edbi ch\u00fang t\u00f4i:<\/p>\n<\/div>\n<p>[\/vc_column_text]<div role=\"form\" class=\"wpcf7\" id=\"wpcf7-f907-o1\" lang=\"vi\" dir=\"ltr\">\n<div class=\"screen-reader-response\"><p role=\"status\" aria-live=\"polite\" aria-atomic=\"true\"><\/p> <ul><\/ul><\/div>\n<form action=\"\/dev\/wp-json\/wp\/v2\/pages\/908#wpcf7-f907-o1\" method=\"post\" class=\"wpcf7-form init\" novalidate=\"novalidate\" data-status=\"init\">\n<div style=\"display: none;\">\n<input type=\"hidden\" name=\"_wpcf7\" value=\"907\" \/>\n<input type=\"hidden\" name=\"_wpcf7_version\" value=\"5.5.4\" \/>\n<input type=\"hidden\" name=\"_wpcf7_locale\" value=\"vi\" \/>\n<input type=\"hidden\" name=\"_wpcf7_unit_tag\" value=\"wpcf7-f907-o1\" \/>\n<input type=\"hidden\" name=\"_wpcf7_container_post\" value=\"0\" \/>\n<input type=\"hidden\" name=\"_wpcf7_posted_data_hash\" value=\"\" \/>\n<\/div>\n<div class=\"row\">\n<div class=\"col-md-6 col-sm-6 col-xs-12\">\n<div class=\"form-group\">\n<div class=\"input-element\"><label>H\u1ecd v\u00e0 t\u00ean:<\/label><span class=\"wpcf7-form-control-wrap your-name\"><input type=\"text\" name=\"your-name\" value=\"\" size=\"40\" class=\"wpcf7-form-control wpcf7-text wpcf7-validates-as-required\" aria-required=\"true\" aria-invalid=\"false\" \/><\/span><\/div>\n<\/div>\n<div class=\"form-group\">\n<div class=\"input-element\"><label>\u0110\u1ecba ch\u1ec9:<\/label><span class=\"wpcf7-form-control-wrap your-address\"><input type=\"text\" name=\"your-address\" value=\"\" size=\"40\" class=\"wpcf7-form-control wpcf7-text wpcf7-validates-as-required\" aria-required=\"true\" aria-invalid=\"false\" \/><\/span><\/div>\n<\/div>\n<div class=\"form-group\">\n<div class=\"input-element\"><label>Email:<\/label><span class=\"wpcf7-form-control-wrap your-email\"><input type=\"text\" name=\"your-email\" value=\"\" size=\"40\" class=\"wpcf7-form-control wpcf7-text wpcf7-validates-as-required\" aria-required=\"true\" aria-invalid=\"false\" \/><\/span><\/div>\n<\/div>\n<div class=\"form-group\">\n<div class=\"input-element\"><label>S\u1ed1 \u0111i\u1ec7n tho\u1ea1i:<\/label><span class=\"wpcf7-form-control-wrap your-phone\"><input type=\"tel\" name=\"your-phone\" value=\"\" size=\"40\" class=\"wpcf7-form-control wpcf7-text wpcf7-tel wpcf7-validates-as-tel\" aria-invalid=\"false\" \/><\/span><\/div>\n<\/div>\n<\/div>\n<div class=\"col-md-6 col-sm-6 col-xs-12\">\n<div class=\"form-group\">\n<div class=\"input-element\"><label>Ti\u00eau \u0111\u1ec1:<\/label><span class=\"wpcf7-form-control-wrap your-enquiry\"><input type=\"text\" name=\"your-enquiry\" value=\"\" size=\"40\" class=\"wpcf7-form-control wpcf7-text\" aria-invalid=\"false\" \/><\/span><\/div>\n<\/div>\n<div class=\"form-group\"><label>Y\u00eau c\u1ea7u:<\/label><span class=\"wpcf7-form-control-wrap your-message\"><textarea name=\"your-message\" cols=\"40\" rows=\"10\" class=\"wpcf7-form-control wpcf7-textarea wpcf7-validates-as-required\" aria-required=\"true\" aria-invalid=\"false\"><\/textarea><\/span><\/div>\n<div class=\"form-group btn-submit\"><input type=\"submit\" value=\"G\u1eedi \u0111i\" class=\"wpcf7-form-control has-spinner wpcf7-submit\" \/><input class=\"reset\" type=\"reset\" value=\"So\u1ea1n l\u1ea1i\" \/><\/div>\n<\/div>\n<\/div>\n<div class=\"wpcf7-response-output\" aria-hidden=\"true\"><\/div><\/form><\/div>[vc_column_text el_class=&#8221;top-map&#8221;]<\/p>\n<h2 class=\"title\">Xem b\u1ea3n \u0111\u1ed3 ch\u1ec9 d\u1eabn \u0111\u1ecba ch\u1ec9 c\u1ee7a ch\u00fang t\u00f4i:<\/h2>\n<p>[\/vc_column_text][vc_gmaps link=&#8221;#E-8_JTNDaWZyYW1lJTIwc3JjJTNEJTIyaHR0cHMlM0ElMkYlMkZ3d3cuZ29vZ2xlLmNvbSUyRm1hcHMlMkZlbWJlZCUzRnBiJTNEJTIxMW0xOCUyMTFtMTIlMjExbTMlMjExZDM5MTkuNDcwMTA0MDQ5MzI0JTIxMmQxMDYuNzAzMjkzMzE0Mjg3MDQlMjEzZDEwLjc3NTI2MTI2MjE2Mjg1JTIxMm0zJTIxMWYwJTIxMmYwJTIxM2YwJTIxM20yJTIxMWkxMDI0JTIxMmk3NjglMjE0ZjEzLjElMjEzbTMlMjExbTIlMjExczB4MzE3NTJmNDY3ZTFlZWYxNyUyNTNBMHg3ODUxNDdhYWIwOWUyMTNmJTIxMnNTaG93YSUyQkJyYWluJTJCTmF2aSUyQlZpZXRuYW0lMkJDby4lMjUyQyUyQkx0ZCUyMTVlMCUyMTNtMiUyMTFzZW4lMjEycyUyMTR2MTUzODYzNjI3MTg2OCUyMiUyMHdpZHRoJTNEJTIyNjAwJTIyJTIwaGVpZ2h0JTNEJTIyNDUwJTIyJTIwZnJhbWVib3JkZXIlM0QlMjIwJTIyJTIwc3R5bGUlM0QlMjJib3JkZXIlM0EwJTIyJTIwYWxsb3dmdWxsc2NyZWVuJTNFJTNDJTJGaWZyYW1lJTNF&#8221; el_class=&#8221;content-map&#8221;][\/vc_column_inner][\/vc_row_inner][\/vc_column][\/vc_row]<\/p>\n","protected":false},"excerpt":{"rendered":"<p>[vc_row el_class=&#8221;contact-form&#8221;][vc_column el_class=&#8221;box-noidung&#8221;][vc_column_text] Li\u00ean H\u1ec7 [\/vc_column_text][vc_row_inner][vc_column_inner el_class=&#8221;padding-35&#8243;][vc_column_text el_class=&#8221;top-contact&#8221;] Th\u00f4ng tin li\u00ean h\u1ec7 Qu\u00fd kh\u00e1ch vui l\u00f2ng \u0111i\u1ec1n th\u00f4ng tin theo m\u1eabu form d\u01b0\u1edbi \u0111\u00e2y \u0111\u1ec3 li\u00ean h\u1ec7 v\u1edbi ch\u00fang t\u00f4i: [\/vc_column_text][vc_column_text el_class=&#8221;top-map&#8221;] Xem b\u1ea3n \u0111\u1ed3 ch\u1ec9 d\u1eabn \u0111\u1ecba ch\u1ec9 c\u1ee7a ch\u00fang t\u00f4i: [\/vc_column_text][vc_gmaps link=&#8221;#E-8_JTNDaWZyYW1lJTIwc3JjJTNEJTIyaHR0cHMlM0ElMkYlMkZ3d3cuZ29vZ2xlLmNvbSUyRm1hcHMlMkZlbWJlZCUzRnBiJTNEJTIxMW0xOCUyMTFtMTIlMjExbTMlMjExZDM5MTkuNDcwMTA0MDQ5MzI0JTIxMmQxMDYuNzAzMjkzMzE0Mjg3MDQlMjEzZDEwLjc3NTI2MTI2MjE2Mjg1JTIxMm0zJTIxMWYwJTIxMmYwJTIxM2YwJTIxM20yJTIxMWkxMDI0JTIxMmk3NjglMjE0ZjEzLjElMjEzbTMlMjExbTIlMjExczB4MzE3NTJmNDY3ZTFlZWYxNyUyNTNBMHg3ODUxNDdhYWIwOWUyMTNmJTIxMnNTaG93YSUyQkJyYWluJTJCTmF2aSUyQlZpZXRuYW0lMkJDby4lMjUyQyUyQkx0ZCUyMTVlMCUyMTNtMiUyMTFzZW4lMjEycyUyMTR2MTUzODYzNjI3MTg2OCUyMiUyMHdpZHRoJTNEJTIyNjAwJTIyJTIwaGVpZ2h0JTNEJTIyNDUwJTIyJTIwZnJhbWVib3JkZXIlM0QlMjIwJTIyJTIwc3R5bGUlM0QlMjJib3JkZXIlM0EwJTIyJTIwYWxsb3dmdWxsc2NyZWVuJTNFJTNDJTJGaWZyYW1lJTNF&#8221; el_class=&#8221;content-map&#8221;][\/vc_column_inner][\/vc_row_inner][\/vc_column][\/vc_row]<\/p>\n","protected":false},"author":4,"featured_media":0,"parent":0,"menu_order":0,"comment_status":"closed","ping_status":"closed","template":"","meta":[],"_links":{"self":[{"href":"https:\/\/haikyu.vn\/dev\/wp-json\/wp\/v2\/pages\/908"}],"collection":[{"href":"https:\/\/haikyu.vn\/dev\/wp-json\/wp\/v2\/pages"}],"about":[{"href":"https:\/\/haikyu.vn\/dev\/wp-json\/wp\/v2\/types\/page"}],"author":[{"embeddable":true,"href":"https:\/\/haikyu.vn\/dev\/wp-json\/wp\/v2\/users\/4"}],"replies":[{"embeddable":true,"href":"https:\/\/haikyu.vn\/dev\/wp-json\/wp\/v2\/comments?post=908"}],"version-history":[{"count":12,"href":"https:\/\/haikyu.vn\/dev\/wp-json\/wp\/v2\/pages\/908\/revisions"}],"predecessor-version":[{"id":1211,"href":"https:\/\/haikyu.vn\/dev\/wp-json\/wp\/v2\/pages\/908\/revisions\/1211"}],"wp:attachment":[{"href":"https:\/\/haikyu.vn\/dev\/wp-json\/wp\/v2\/media?parent=908"}],"curies":[{"name":"wp","href":"https:\/\/api.w.org\/{rel}","templated":true}]}}