{"id":599,"date":"2018-06-28T07:00:57","date_gmt":"2018-06-28T07:00:57","guid":{"rendered":"http:\/\/109.199.126.169\/~jpwebseo\/demo\/Haikyu\/?page_id=599"},"modified":"2019-01-24T07:21:57","modified_gmt":"2019-01-24T07:21:57","slug":"hoi-dap-nhung-cau-hoi-thuong-gap","status":"publish","type":"page","link":"https:\/\/haikyu.vn\/dev\/hoi-dap-nhung-cau-hoi-thuong-gap\/","title":{"rendered":"H\u1ecfi &#038; \u0110\u00e1p \u2013 Nh\u1eefng c\u00e2u h\u1ecfi th\u01b0\u1eddng g\u1eb7p"},"content":{"rendered":"<p>[vc_row css=&#8221;.vc_custom_1530169330471{margin-bottom: 0px !important;}&#8221;][vc_column css=&#8221;.vc_custom_1530169325996{margin-bottom: 0px !important;}&#8221;][vc_row_inner][vc_column_inner el_class=&#8221;box-noidung marginbottom0&#8243; css=&#8221;.vc_custom_1530176123738{margin-bottom: 0px !important;}&#8221;][vc_column_text]<\/p>\n<div class=\"div-title right\">\n<h3 class=\"title-noidung\">Ho\u0309i \u0111a\u0301p<\/h3>\n<\/div>\n<p>[\/vc_column_text][vc_column_text]Gi\u00fap ng\u01b0\u1eddi ch\u01a1i hi\u1ec3u r\u00f5 h\u01a1n v\u1ec1 game<\/p>\n<div id=\"accordion\" class=\"panel-group\">   \n                     \n                    <div class=\"panel\">\n                        <div href=\"#panelBody1\" class=\"accordion-toggle collapsed hoidap-header\" data-toggle=\"collapse\" data-parent=\"#accordion\">\n                            <div class=\"hd-1\">C\u00e2u h\u1ecfi 1<\/div>\n                            <div class=\"hd-2\">B\u1ed9 c\u1edd c\u00f3 b\u1eaft bu\u1ed9c ph\u1ea3i \u0111\u00fang 40 qu\u00e2n kh\u00f4ng?<\/div>\n                        <\/div>                  \n                        <div id=\"panelBody1\" class=\"panel-collapse collapse hoidap-content\">\n                           <div class=\"hd-1\">Tr\u1ea3 l\u1eddi 1<\/div>\n                            <div class=\"hd-2\">C\u00f3. Ph\u1ea3i \u0111\u00fang 40 qu\u00e2n, kh\u00f4ng h\u01a1n kh\u00f4ng k\u00e9m.<\/div>\n                        <\/div>\n                    <\/div>\n                  \n                 \n                     \n                    <div class=\"panel\">\n                        <div href=\"#panelBody2\" class=\"accordion-toggle collapsed hoidap-header\" data-toggle=\"collapse\" data-parent=\"#accordion\">\n                            <div class=\"hd-1\">C\u00e2u h\u1ecfi 2<\/div>\n                            <div class=\"hd-2\">T\u00f4i \u0111\u01b0\u1ee3c ph\u00e9p cho v\u00e0o b\u1ed9 c\u1edd t\u1ed1i \u0111a bao nhi\u00eau qu\u00e2n gi\u1ed1ng h\u1ec7t nhau, t\u1ed1i \u0111a bao nhi\u00eau qu\u00e2n c\u00f9ng t\u00ean kh\u00e1c m\u00e3?<\/div>\n                        <\/div>                  \n                        <div id=\"panelBody2\" class=\"panel-collapse collapse hoidap-content\">\n                           <div class=\"hd-1\">Tr\u1ea3 l\u1eddi 2<\/div>\n                            <div class=\"hd-2\">Kh\u00f4ng gi\u1edbi h\u1ea1n. B\u1ea1n c\u00f3 th\u1ec3 cho v\u00e0o bao nhi\u00eau qu\u00e2n t\u00f9y th\u00edch.<\/div>\n                        <\/div>\n                    <\/div>\n                  \n                 \n                     \n                    <div class=\"panel\">\n                        <div href=\"#panelBody3\" class=\"accordion-toggle collapsed hoidap-header\" data-toggle=\"collapse\" data-parent=\"#accordion\">\n                            <div class=\"hd-1\">C\u00e2u h\u1ecfi 3<\/div>\n                            <div class=\"hd-2\">T\u00f4i c\u00f3 \u0111\u01b0\u1ee3c cho v\u00e0o b\u1ed9 c\u1edd 8 qu\u00e2n c\u1edd m\u00e3 HVD-01-009 \u201cT\u1ea5t c\u1ea3 \u0111\u1ec1u ho\u00e0n h\u1ea3o!!!\u201d v\u00e0 8 qu\u00e2n c\u1edd m\u00e3 HVD-01-010 \u201cC\u1ea3 \u0111\u1ed9i k\u00ec v\u1ecdng v\u00e0o em \u0111\u1ea5y.\u201d kh\u00f4ng? <\/div>\n                        <\/div>                  \n                        <div id=\"panelBody3\" class=\"panel-collapse collapse hoidap-content\">\n                           <div class=\"hd-1\">Tr\u1ea3 l\u1eddi 3<\/div>\n                            <div class=\"hd-2\">Kh\u00f4ng \u0111\u01b0\u1ee3c. B\u1ea1n ch\u1ec9 \u0111\u01b0\u1ee3c ph\u00e9p cho v\u00e0o b\u1ed9 c\u1edd t\u1ed1i \u0111a 8 qu\u00e2n H\u00e0nh \u0110\u1ed9ng.<\/div>\n                        <\/div>\n                    <\/div>\n                  \n                 \n                     \n                    <div class=\"panel\">\n                        <div href=\"#panelBody4\" class=\"accordion-toggle collapsed hoidap-header\" data-toggle=\"collapse\" data-parent=\"#accordion\">\n                            <div class=\"hd-1\">C\u00e2u h\u1ecfi 4<\/div>\n                            <div class=\"hd-2\">T\u00f4i ph\u1ea3i l\u00e0m g\u00ec khi \u0111\u00e3 r\u00fat h\u1ebft b\u1ed9 c\u1edd?<\/div>\n                        <\/div>                  \n                        <div id=\"panelBody4\" class=\"panel-collapse collapse hoidap-content\">\n                           <div class=\"hd-1\">Tr\u1ea3 l\u1eddi 4<\/div>\n                            <div class=\"hd-2\">V\u1eabn ti\u1ebfp t\u1ee5c tr\u1eadn \u0111\u1ea5u nh\u01b0 th\u01b0\u1eddng. Tuy nhi\u00ean, b\u1ea1n s\u1ebd kh\u00f4ng th\u1ec3 r\u00fat th\u00eam n\u1ebfu b\u1ed9 c\u1edd kh\u00f4ng c\u00f2n qu\u00e2n n\u00e0o.<\/div>\n                        <\/div>\n                    <\/div>\n                  \n                 \n                     \n                    <div class=\"panel\">\n                        <div href=\"#panelBody5\" class=\"accordion-toggle collapsed hoidap-header\" data-toggle=\"collapse\" data-parent=\"#accordion\">\n                            <div class=\"hd-1\">C\u00e2u h\u1ecfi 5<\/div>\n                            <div class=\"hd-2\">T\u00f4i \u0111\u01b0\u1ee3c ph\u00e9p gi\u1eef t\u1ed1i \u0111a bao nhi\u00eau qu\u00e2n c\u1edd tr\u00ean tay?<\/div>\n                        <\/div>                  \n                        <div id=\"panelBody5\" class=\"panel-collapse collapse hoidap-content\">\n                           <div class=\"hd-1\">Tr\u1ea3 l\u1eddi 5<\/div>\n                            <div class=\"hd-2\">Bao nhi\u00eau qu\u00e2n c\u0169ng \u0111\u01b0\u1ee3c. Nh\u01b0ng b\u1ea1n ch\u1ec9 \u0111\u01b0\u1ee3c r\u00fat 6 qu\u00e2n c\u1edd l\u00ean tay khi b\u1eaft \u0111\u1ea7u tr\u1eadn \u0111\u1ea5u.<\/div>\n                        <\/div>\n                    <\/div>\n                  \n                 \n                     \n                    <div class=\"panel\">\n                        <div href=\"#panelBody6\" class=\"accordion-toggle collapsed hoidap-header\" data-toggle=\"collapse\" data-parent=\"#accordion\">\n                            <div class=\"hd-1\">C\u00e2u h\u1ecfi 6<\/div>\n                            <div class=\"hd-2\">T\u00f4i \u0111\u01b0\u1ee3c ph\u00e9p t\u1ef1 do \u0111\u1eb7t c\u1edd tr\u00ean tay v\u00e0o khu v\u1ef1c Lo\u1ea1i B\u1ecf kh\u00f4ng?<\/div>\n                        <\/div>                  \n                        <div id=\"panelBody6\" class=\"panel-collapse collapse hoidap-content\">\n                           <div class=\"hd-1\">Tr\u1ea3 l\u1eddi 6<\/div>\n                            <div class=\"hd-2\">Kh\u00f4ng \u0111\u01b0\u1ee3c.<\/div>\n                        <\/div>\n                    <\/div>\n                  \n                 \n                     \n                    <div class=\"panel\">\n                        <div href=\"#panelBody7\" class=\"accordion-toggle collapsed hoidap-header\" data-toggle=\"collapse\" data-parent=\"#accordion\">\n                            <div class=\"hd-1\">C\u00e2u h\u1ecfi 7<\/div>\n                            <div class=\"hd-2\">Nh\u00e2n v\u1eadt Giao B\u00f3ng c\u1ee7a t\u00f4i l\u00e0 \u201cHinata Shoyo\u201d. T\u00f4i c\u00f3 th\u1ec3 \u0111\u01b0a ra \u201cHinata Shoyo\u201d t\u1ea1i khu v\u1ef1c kh\u00e1c n\u1eefa kh\u00f4ng?<\/div>\n                        <\/div>                  \n                        <div id=\"panelBody7\" class=\"panel-collapse collapse hoidap-content\">\n                           <div class=\"hd-1\">Tr\u1ea3 l\u1eddi 7<\/div>\n                            <div class=\"hd-2\">\u0110\u01b0\u1ee3c.<\/div>\n                        <\/div>\n                    <\/div>\n                  \n                 \n                     \n                    <div class=\"panel\">\n                        <div href=\"#panelBody8\" class=\"accordion-toggle collapsed hoidap-header\" data-toggle=\"collapse\" data-parent=\"#accordion\">\n                            <div class=\"hd-1\">C\u00e2u h\u1ecfi 8<\/div>\n                            <div class=\"hd-2\">Nh\u00e2n v\u1eadt \u0110\u1ee1 B\u00f3ng c\u1ee7a t\u00f4i l\u00e0 \"Kageyama Tobio\". T\u00f4i c\u00f3 th\u1ec3 \u0111\u01b0a ra nh\u00e2n v\u1eadt Chuy\u1ec1n B\u00f3ng l\u00e0 \"Kageyama Tobio\" n\u1eefa kh\u00f4ng?<\/div>\n                        <\/div>                  \n                        <div id=\"panelBody8\" class=\"panel-collapse collapse hoidap-content\">\n                           <div class=\"hd-1\">Tr\u1ea3 l\u1eddi 8<\/div>\n                            <div class=\"hd-2\">Kh\u00f4ng. Hai nh\u00e2n v\u1eadt c\u00f9ng t\u00ean kh\u00f4ng \u0111\u01b0\u1ee3c \u1edf 2 khu v\u1ef1c c\u1ea1nh nhau.<\/div>\n                        <\/div>\n                    <\/div>\n                  \n                 \n                     \n                    <div class=\"panel\">\n                        <div href=\"#panelBody9\" class=\"accordion-toggle collapsed hoidap-header\" data-toggle=\"collapse\" data-parent=\"#accordion\">\n                            <div class=\"hd-1\">C\u00e2u h\u1ecfi 9<\/div>\n                            <div class=\"hd-2\">Nh\u00e2n v\u1eadt \u0110\u1ee1 B\u00f3ng c\u1ee7a t\u00f4i l\u00e0 \"Sawamura Daichi\". T\u00f4i c\u00f3 th\u1ec3 \u0111\u01b0a ra nh\u00e2n v\u1eadt \u0110\u1eadp b\u00f3ng l\u00e0 \"Sawamura Daichi\" n\u1eefa kh\u00f4ng?<\/div>\n                        <\/div>                  \n                        <div id=\"panelBody9\" class=\"panel-collapse collapse hoidap-content\">\n                           <div class=\"hd-1\">Tr\u1ea3 l\u1eddi 9<\/div>\n                            <div class=\"hd-2\">\u0110\u01b0\u1ee3c.<\/div>\n                        <\/div>\n                    <\/div>\n                  \n                 \n                     \n                    <div class=\"panel\">\n                        <div href=\"#panelBody10\" class=\"accordion-toggle collapsed hoidap-header\" data-toggle=\"collapse\" data-parent=\"#accordion\">\n                            <div class=\"hd-1\">C\u00e2u h\u1ecfi 10<\/div>\n                            <div class=\"hd-2\">T\u00f4i c\u00f3 \u0111\u01b0\u1ee3c ph\u00e9p kh\u00f4ng r\u00fat c\u1edd trong giai \u0111o\u1ea1n R\u00fat C\u1edd kh\u00f4ng?<\/div>\n                        <\/div>                  \n                        <div id=\"panelBody10\" class=\"panel-collapse collapse hoidap-content\">\n                           <div class=\"hd-1\">Tr\u1ea3 l\u1eddi 10<\/div>\n                            <div class=\"hd-2\">Kh\u00f4ng \u0111\u01b0\u1ee3c. N\u1ebfu b\u1ed9 c\u1edd v\u1eabn c\u00f2n th\u00ec b\u1ea1n b\u1eaft bu\u1ed9c ph\u1ea3i r\u00fat.<\/div>\n                        <\/div>\n                    <\/div>\n                  \n                 \n                     \n                    <div class=\"panel\">\n                        <div href=\"#panelBody11\" class=\"accordion-toggle collapsed hoidap-header\" data-toggle=\"collapse\" data-parent=\"#accordion\">\n                            <div class=\"hd-1\">C\u00e2u h\u1ecfi 11<\/div>\n                            <div class=\"hd-2\">T\u00f4i c\u00f3 \u0111\u01b0\u1ee3c ph\u00e9p \u0111\u01b0a ra Nh\u00e2n V\u1eadt c\u00f3 \u0111i\u1ec3m s\u1ed1 b\u1eb1ng 0 t\u1ea1i khu v\u1ef1c \u0110\u1ee1 B\u00f3ng, Chuy\u1ec1n B\u00f3ng, \u0110\u1eadp B\u00f3ng hay Ch\u1eb7n B\u00f3ng kh\u00f4ng?<\/div>\n                        <\/div>                  \n                        <div id=\"panelBody11\" class=\"panel-collapse collapse hoidap-content\">\n                           <div class=\"hd-1\">Tr\u1ea3 l\u1eddi 11<\/div>\n                            <div class=\"hd-2\">\u0110\u01b0\u1ee3c. Tuy nhi\u00ean, b\u1ea1n kh\u00f4ng th\u1ec3 \u0111\u01b0a ra nh\u00e2n v\u1eadt kh\u00f4ng mang bi\u1ec3u t\u01b0\u1ee3ng Giao B\u00f3ng t\u1ea1i khu v\u1ef1c Giao\r\nB\u00f3ng.<\/div>\n                        <\/div>\n                    <\/div>\n                  \n                 \n                     \n                    <div class=\"panel\">\n                        <div href=\"#panelBody12\" class=\"accordion-toggle collapsed hoidap-header\" data-toggle=\"collapse\" data-parent=\"#accordion\">\n                            <div class=\"hd-1\">C\u00e2u h\u1ecfi 12<\/div>\n                            <div class=\"hd-2\">Khi nh\u00e2n v\u1eadt \u0110\u1eadp B\u00f3ng c\u1ee7a \u0111\u1ed1i ph\u01b0\u01a1ng c\u00f3 \u0111i\u1ec3m \u0110\u1eadp b\u1eb1ng 0, n\u1ebfu t\u00f4i \u0111\u01b0a ra nh\u00e2n v\u1eadt Ch\u1eb7n B\u00f3ng c\u00f3 \u0111i\u1ec3m Ch\u1eb7n b\u1eb1ng 0 th\u00ec pha Ch\u1eb7n B\u00f3ng c\u00f3 th\u00e0nh c\u00f4ng hay kh\u00f4ng?<\/div>\n                        <\/div>                  \n                        <div id=\"panelBody12\" class=\"panel-collapse collapse hoidap-content\">\n                           <div class=\"hd-1\">Tr\u1ea3 l\u1eddi 12<\/div>\n                            <div class=\"hd-2\">C\u00f3. Pha Ch\u1eb7n B\u00f3ng th\u00e0nh c\u00f4ng.<\/div>\n                        <\/div>\n                    <\/div>\n                  \n                 \n                     \n                    <div class=\"panel\">\n                        <div href=\"#panelBody13\" class=\"accordion-toggle collapsed hoidap-header\" data-toggle=\"collapse\" data-parent=\"#accordion\">\n                            <div class=\"hd-1\">C\u00e2u h\u1ecfi 13<\/div>\n                            <div class=\"hd-2\">Qu\u00e2n c\u1edd m\u00e3 HVD-01-001 \u201cHinata Shoyo\u201d c\u00f3 \u0111i\u1ec3m \u0110\u1eadp +2, v\u1eady ngh\u0129a l\u00e0 l\u1edbn h\u01a1n 2 \u0111\u00fang kh\u00f4ng?<\/div>\n                        <\/div>                  \n                        <div id=\"panelBody13\" class=\"panel-collapse collapse hoidap-content\">\n                           <div class=\"hd-1\">Tr\u1ea3 l\u1eddi 13<\/div>\n                            <div class=\"hd-2\">Kh\u00f4ng, \u0111i\u1ec3m \u0110\u1eadp c\u1ee7a nh\u00e2n v\u1eadt b\u1eb1ng 2. D\u1ea5u + b\u00ean ph\u1ea3i s\u1ed1 \u0111i\u1ec3m ch\u1ec9 cho bi\u1ebft \u0111i\u1ec3m \u0110\u1eadp c\u00f3 th\u1ec3 t\u0103ng l\u00ean\r\nnh\u1edd N\u0103ng l\u1ef1c c\u1ee7a qu\u00e2n Nh\u00e2n V\u1eadt.<\/div>\n                        <\/div>\n                    <\/div>\n                  \n                 \n                     \n                    <div class=\"panel\">\n                        <div href=\"#panelBody14\" class=\"accordion-toggle collapsed hoidap-header\" data-toggle=\"collapse\" data-parent=\"#accordion\">\n                            <div class=\"hd-1\">C\u00e2u h\u1ecfi 14<\/div>\n                            <div class=\"hd-2\">Qu\u00e2n c\u1edd m\u00e3 HVD-01-001 \u201cHinata Shoyo\u201d xu\u1ea5t hi\u1ec7n t\u1ea1i khu v\u1ef1c \u0110\u1eadp B\u00f3ng. T\u00f4i c\u00f3 th\u1ec3 k\u00edch ho\u1ea1t 2 l\u1ea7n N\u0103ng l\u1ef1c \u0111\u1ec3 +4 \u0111i\u1ec3m \u0110\u1eadp cho nh\u00e2n v\u1eadt kh\u00f4ng?<\/div>\n                        <\/div>                  \n                        <div id=\"panelBody14\" class=\"panel-collapse collapse hoidap-content\">\n                           <div class=\"hd-1\">Tr\u1ea3 l\u1eddi 14<\/div>\n                            <div class=\"hd-2\">Kh\u00f4ng. Nh\u1eefng n\u0103ng l\u1ef1c \u0111\u01b0\u1ee3c k\u00edch ho\u1ea1t khi nh\u00e2n v\u1eadt ra s\u00e2n ch\u1ec9 c\u00f3 hi\u1ec7u qu\u1ea3 1 l\u1ea7n duy nh\u1ea5t t\u1ea1i th\u1eddi \u0111i\u1ec3m\r\n\u0111\u00f3.<\/div>\n                        <\/div>\n                    <\/div>\n                  \n                 \n                     \n                    <div class=\"panel\">\n                        <div href=\"#panelBody15\" class=\"accordion-toggle collapsed hoidap-header\" data-toggle=\"collapse\" data-parent=\"#accordion\">\n                            <div class=\"hd-1\">C\u00e2u h\u1ecfi 15<\/div>\n                            <div class=\"hd-2\">B\u1eb1ng n\u0103ng l\u1ef1c c\u1ee7a qu\u00e2n c\u1edd m\u00e3 HVD-01-002 \u201cKageyama Tobio\u201d, t\u00f4i c\u00f3 th\u1ec3 lo\u1ea1i b\u1ecf qu\u00e2n c\u1edd n\u00e0y c\u00f9ng 1 \u00dd Ch\u00ed \u0111\u1ec3 l\u1ea5y quy\u1ec1n r\u00fat c\u1edd kh\u00f4ng?<\/div>\n                        <\/div>                  \n                        <div id=\"panelBody15\" class=\"panel-collapse collapse hoidap-content\">\n                           <div class=\"hd-1\">Tr\u1ea3 l\u1eddi 15<\/div>\n                            <div class=\"hd-2\">Kh\u00f4ng. \u201cKageyama Tobio\u201d \u0111ang \u0111\u01b0\u1ee3c k\u00edch ho\u1ea1t n\u0103ng l\u1ef1c kh\u00f4ng ph\u1ea3i l\u00e0 \u00dd Ch\u00ed n\u00ean kh\u00f4ng th\u1ec3 thay th\u1ebf\r\ncho \u00dd Ch\u00ed.<\/div>\n                        <\/div>\n                    <\/div>\n                  \n                 \n                     \n                    <div class=\"panel\">\n                        <div href=\"#panelBody16\" class=\"accordion-toggle collapsed hoidap-header\" data-toggle=\"collapse\" data-parent=\"#accordion\">\n                            <div class=\"hd-1\">C\u00e2u h\u1ecfi 16<\/div>\n                            <div class=\"hd-2\">Khi k\u00edch ho\u1ea1t nhi\u1ec1u n\u0103ng l\u1ef1c c\u00f9ng l\u00fac th\u00ec ph\u1ea3i theo th\u1ee9 t\u1ef1 th\u1ebf n\u00e0o?<\/div>\n                        <\/div>                  \n                        <div id=\"panelBody16\" class=\"panel-collapse collapse hoidap-content\">\n                           <div class=\"hd-1\">Tr\u1ea3 l\u1eddi 16<\/div>\n                            <div class=\"hd-2\">Ng\u01b0\u1eddi ch\u01a1i c\u00f3 th\u1ec3 s\u1eafp x\u1ebfp th\u1ee9 t\u1ef1 t\u00f9y th\u00edch.<\/div>\n                        <\/div>\n                    <\/div>\n                  \n                 \n                     \n                    <div class=\"panel\">\n                        <div href=\"#panelBody17\" class=\"accordion-toggle collapsed hoidap-header\" data-toggle=\"collapse\" data-parent=\"#accordion\">\n                            <div class=\"hd-1\">C\u00e2u h\u1ecfi 17<\/div>\n                            <div class=\"hd-2\">T\u1ea1i B\u01b0\u1edbc ch\u00ednh c\u1ee7a Giai \u0111o\u1ea1n \u0110\u1ee1 B\u00f3ng, t\u00f4i c\u00f3 \u0111\u01b0\u1ee3c ph\u00e9p \u0111\u1eb7t qu\u00e2n c\u1edd m\u00e3 HVD-01-009 \u201cT\u1ea5t c\u1ea3 \u0111\u1ec1u ho\u00e0n h\u1ea3o!!!\u201d v\u00e0o khu v\u1ef1c H\u00e0nh \u0110\u1ed9ng kh\u00f4ng?<\/div>\n                        <\/div>                  \n                        <div id=\"panelBody17\" class=\"panel-collapse collapse hoidap-content\">\n                           <div class=\"hd-1\">Tr\u1ea3 l\u1eddi 17<\/div>\n                            <div class=\"hd-2\">Kh\u00f4ng. V\u00ec qu\u00e2n c\u1edd m\u00e3 HVD-01-009 \u201cT\u1ea5t c\u1ea3 \u0111\u1ec1u ho\u00e0n h\u1ea3o!!!\u201d kh\u00f4ng mang \u201cbi\u1ec3u t\u01b0\u1ee3ng \u0110\u1ee1\u201d n\u00ean kh\u00f4ng\r\nth\u1ec3 d\u00f9ng trong Giai \u0111o\u1ea1n \u0110\u1ee1 B\u00f3ng.<\/div>\n                        <\/div>\n                    <\/div>\n                  \n                 \n                     \n                    <div class=\"panel\">\n                        <div href=\"#panelBody18\" class=\"accordion-toggle collapsed hoidap-header\" data-toggle=\"collapse\" data-parent=\"#accordion\">\n                            <div class=\"hd-1\">C\u00e2u h\u1ecfi 18<\/div>\n                            <div class=\"hd-2\">T\u00f4i \u0111ang s\u1eed d\u1ee5ng qu\u00e2n c\u1edd m\u00e3 HVD-01-009 \u201cT\u1ea5t c\u1ea3 \u0111\u1ec1u ho\u00e0n h\u1ea3o!!!\u201d. N\u1ebfu l\u00fac \u0111\u00f3, \u201cHinata Shoyo\u201d ho\u1eb7c \u201cKageyama Tobio\u201d kh\u00f4ng \u1edf tr\u00ean s\u00e2n th\u00ec t\u00f4i c\u00f3 \u0111\u01b0\u1ee3c +1 \u0111i\u1ec3m \u0110\u1eadp cho nh\u00e2n v\u1eadt kh\u00e1c kh\u00f4ng?<\/div>\n                        <\/div>                  \n                        <div id=\"panelBody18\" class=\"panel-collapse collapse hoidap-content\">\n                           <div class=\"hd-1\">Tr\u1ea3 l\u1eddi 18<\/div>\n                            <div class=\"hd-2\">\u0110\u01b0\u1ee3c. N\u1ebfu N\u0103ng l\u1ef1c c\u1ee7a qu\u00e2n Nh\u00e2n V\u1eadt ho\u1eb7c qu\u00e2n H\u00e0nh \u0110\u1ed9ng g\u1ed3m nhi\u1ec1u ph\u1ea7n, ph\u1ea7n n\u00e0o c\u00f3 th\u1ec3\r\nth\u1ef1c hi\u1ec7n th\u00ec ta s\u1ebd ti\u1ebfn h\u00e0nh th\u1ef1c hi\u1ec7n h\u1ebft nh\u1eefng ph\u1ea7n \u0111\u00f3.<\/div>\n                        <\/div>\n                    <\/div>\n                  \n                 \n                     \n                    <div class=\"panel\">\n                        <div href=\"#panelBody19\" class=\"accordion-toggle collapsed hoidap-header\" data-toggle=\"collapse\" data-parent=\"#accordion\">\n                            <div class=\"hd-1\">C\u00e2u h\u1ecfi 19<\/div>\n                            <div class=\"hd-2\">T\u00f4i c\u00f3 \u0111\u01b0\u1ee3c s\u1eed d\u1ee5ng qu\u00e2n c\u1edd m\u00e3 HVD-01-010 \u201cC\u1ea3 \u0111\u1ed9i k\u00ec v\u1ecdng v\u00e0o em \u0111\u1ea5y.\u201d tr\u01b0\u1edbc khi \u0111\u01b0a ra nh\u00e2n v\u1eadt \u0110\u1ee1 B\u00f3ng kh\u00f4ng?<\/div>\n                        <\/div>                  \n                        <div id=\"panelBody19\" class=\"panel-collapse collapse hoidap-content\">\n                           <div class=\"hd-1\">Tr\u1ea3 l\u1eddi 19<\/div>\n                            <div class=\"hd-2\">Kh\u00f4ng. Qu\u00e2n H\u00e0nh \u0110\u1ed9ng kh\u00f4ng th\u1ec3 s\u1eed d\u1ee5ng t\u1ea1i B\u01b0\u1edbc ra s\u00e2n.<\/div>\n                        <\/div>\n                    <\/div>\n                  \n                 \n                     \n                    <div class=\"panel\">\n                        <div href=\"#panelBody20\" class=\"accordion-toggle collapsed hoidap-header\" data-toggle=\"collapse\" data-parent=\"#accordion\">\n                            <div class=\"hd-1\">C\u00e2u h\u1ecfi 20<\/div>\n                            <div class=\"hd-2\">\u00dd Ch\u00ed c\u1ee7a nh\u00e2n v\u1eadt \u0110\u1eadp B\u00f3ng c\u00f3 ph\u1ea3i l\u00e0 nh\u00e2n v\u1eadt \u0110\u1eadp B\u00f3ng kh\u00f4ng?<\/div>\n                        <\/div>                  \n                        <div id=\"panelBody20\" class=\"panel-collapse collapse hoidap-content\">\n                           <div class=\"hd-1\">Tr\u1ea3 l\u1eddi 20<\/div>\n                            <div class=\"hd-2\">Kh\u00f4ng. \u00dd Ch\u00ed kh\u00f4ng ph\u1ea3i l\u00e0 nh\u00e2n v\u1eadt \u0110\u1eadp B\u00f3ng.<\/div>\n                        <\/div>\n                    <\/div>\n                  \n                 \n                     \n                    <div class=\"panel\">\n                        <div href=\"#panelBody21\" class=\"accordion-toggle collapsed hoidap-header\" data-toggle=\"collapse\" data-parent=\"#accordion\">\n                            <div class=\"hd-1\">C\u00e2u h\u1ecfi 21<\/div>\n                            <div class=\"hd-2\">T\u00f4i c\u00f3 \u0111\u01b0\u1ee3c ph\u00e9p thay \u0111\u1ed5i th\u1ee9 t\u1ef1 \u00dd Ch\u00ed hay kh\u00f4ng?<\/div>\n                        <\/div>                  \n                        <div id=\"panelBody21\" class=\"panel-collapse collapse hoidap-content\">\n                           <div class=\"hd-1\">Tr\u1ea3 l\u1eddi 21<\/div>\n                            <div class=\"hd-2\">\u0110\u01b0\u1ee3c, nh\u01b0ng b\u1ea1n kh\u00f4ng \u0111\u01b0\u1ee3c tr\u00e1o \u0111\u1ed5i \u00dd Ch\u00ed v\u1edbi Nh\u00e2n V\u1eadt.<\/div>\n                        <\/div>\n                    <\/div>\n                  \n                 \n                     \n                    <div class=\"panel\">\n                        <div href=\"#panelBody22\" class=\"accordion-toggle collapsed hoidap-header\" data-toggle=\"collapse\" data-parent=\"#accordion\">\n                            <div class=\"hd-1\">C\u00e2u h\u1ecfi 22<\/div>\n                            <div class=\"hd-2\">T\u00f4i c\u00f3 th\u1ec3 s\u1eed d\u1ee5ng N\u0103ng l\u1ef1c c\u1ee7a m\u1ed9t qu\u00e2n c\u1edd bao nhi\u00eau l\u1ea7n khi n\u00f3 ra s\u00e2n?<\/div>\n                        <\/div>                  \n                        <div id=\"panelBody22\" class=\"panel-collapse collapse hoidap-content\">\n                           <div class=\"hd-1\">Tr\u1ea3 l\u1eddi 22<\/div>\n                            <div class=\"hd-2\">Nh\u1eefng n\u0103ng l\u1ef1c \u0111\u01b0\u1ee3c k\u00edch ho\u1ea1t khi qu\u00e2n c\u1edd ra s\u00e2n ch\u1ec9 c\u00f3 th\u1ec3 s\u1eed d\u1ee5ng 1 l\u1ea7n duy nh\u1ea5t.<\/div>\n                        <\/div>\n                    <\/div>\n                  \n                <\/div>[\/vc_column_text][\/vc_column_inner][\/vc_row_inner][\/vc_column][\/vc_row]<\/p>\n","protected":false},"excerpt":{"rendered":"<p>[vc_row css=&#8221;.vc_custom_1530169330471{margin-bottom: 0px !important;}&#8221;][vc_column css=&#8221;.vc_custom_1530169325996{margin-bottom: 0px !important;}&#8221;][vc_row_inner][vc_column_inner el_class=&#8221;box-noidung marginbottom0&#8243; css=&#8221;.vc_custom_1530176123738{margin-bottom: 0px !important;}&#8221;][vc_column_text] Ho\u0309i \u0111a\u0301p [\/vc_column_text][vc_column_text]Gi\u00fap ng\u01b0\u1eddi ch\u01a1i hi\u1ec3u r\u00f5 h\u01a1n v\u1ec1 game [\/vc_column_text][\/vc_column_inner][\/vc_row_inner][\/vc_column][\/vc_row]<\/p>\n","protected":false},"author":14,"featured_media":0,"parent":0,"menu_order":0,"comment_status":"closed","ping_status":"closed","template":"","meta":[],"_links":{"self":[{"href":"https:\/\/haikyu.vn\/dev\/wp-json\/wp\/v2\/pages\/599"}],"collection":[{"href":"https:\/\/haikyu.vn\/dev\/wp-json\/wp\/v2\/pages"}],"about":[{"href":"https:\/\/haikyu.vn\/dev\/wp-json\/wp\/v2\/types\/page"}],"author":[{"embeddable":true,"href":"https:\/\/haikyu.vn\/dev\/wp-json\/wp\/v2\/users\/14"}],"replies":[{"embeddable":true,"href":"https:\/\/haikyu.vn\/dev\/wp-json\/wp\/v2\/comments?post=599"}],"version-history":[{"count":17,"href":"https:\/\/haikyu.vn\/dev\/wp-json\/wp\/v2\/pages\/599\/revisions"}],"predecessor-version":[{"id":2106,"href":"https:\/\/haikyu.vn\/dev\/wp-json\/wp\/v2\/pages\/599\/revisions\/2106"}],"wp:attachment":[{"href":"https:\/\/haikyu.vn\/dev\/wp-json\/wp\/v2\/media?parent=599"}],"curies":[{"name":"wp","href":"https:\/\/api.w.org\/{rel}","templated":true}]}}