{"id":310,"date":"2018-06-19T10:02:13","date_gmt":"2018-06-19T10:02:13","guid":{"rendered":"http:\/\/109.199.126.169\/~jpwebseo\/demo\/Haikyu\/?page_id=310"},"modified":"2019-06-18T01:45:44","modified_gmt":"2019-06-18T01:45:44","slug":"giai-dau","status":"publish","type":"page","link":"https:\/\/haikyu.vn\/dev\/giai-dau\/","title":{"rendered":"Gi\u1ea3i \u0111\u1ea5u"},"content":{"rendered":"<p>[vc_row][vc_column el_class=&#8221;box-noidung&#8221;][vc_column_text]<\/p>\n<div class=\"div-title right\">\n<h3 class=\"title-noidung\">Gi\u1ea3i \u0111\u1ea5u s\u1eafp di\u1ec5n ra<\/h3>\n<\/div>\n<p>[\/vc_column_text][vc_column_text el_class=&#8221;scroll-page giai-dau&#8221;]\n                   \n                                                                                \n                               \n                                                            \n                                                                                    \n                               \n                                                            \n                                                                                    \n                               \n                                                            \n                                        \n                    \n                [\/vc_column_text][vc_column_text]<\/p>\n<div class=\"more-giadau\"><a href=\"http:\/\/haikyu.vn\/giai-dau-sap-dien-ra\/\">Xem th\u00eam &gt; <\/a><\/div>\n<p>[\/vc_column_text][\/vc_column][\/vc_row][vc_row][vc_column el_class=&#8221;box-noidung&#8221;][vc_column_text]<\/p>\n<div class=\"div-title right\">\n<h3 class=\"title-noidung\">Gi\u1ea3i \u0111\u1ea5u \u0111\u00e3 t\u1ed5 ch\u1ee9c<\/h3>\n<\/div>\n<p>[\/vc_column_text][vc_column_text el_class=&#8221;scroll-page giai-dau&#8221;]                \n                   \n                                                                               \n                                             <div class=\"container-congdong giai-dau-du-kien\">\n                                                    <a href=\"https:\/\/haikyu.vn\/dev\/giai-dau\/giai-dau-haikyu-toan-quoc-ha-noi-05-05-19\/\"><img width=\"325\" height=\"147\" src=\"https:\/\/haikyu.vn\/dev\/wp-content\/uploads\/2019\/05\/giai-dau-toan-quoc_190507_09-e1560822008169-325x147.jpg\" class=\"thumcd-img wp-post-image\" alt=\"Gi\u1ea3i \u0111\u1ea5u Haikyu!! Volleyball Card Game to\u00e0n qu\u1ed1c t\u1ea1i H\u00e0 N\u1ed9i\" loading=\"lazy\" \/><\/a>\n                                                    <div class=\"content-congdong  \" >\n                                                        <a href=\"https:\/\/haikyu.vn\/dev\/giai-dau\/giai-dau-haikyu-toan-quoc-ha-noi-05-05-19\/\"><h5>GI\u1ea2I \u0110\u1ea4U HAIKYU!! VOLLEYBALL CARD GAME TO\u00c0N QU\u1ed0C T\u1ea0I H\u00c0 N\u1ed8I TH\u00c1NG 05\/2019<\/h5><\/a>\n                                                                               \n                                                        <ul>\n                                                            <li class=\"gd-date\">Ng\u00e0y:  05-05-2019<\/li>\n                                                            <li  class=\"gd-diadiem\">\u0110i\u0323a \u0111i\u00ea\u0309m: GG Store - 15 B\u00f9i Ng\u1ecdc D\u01b0\u01a1ng, Qu\u1eadn Hai B\u00e0 Tr\u01b0ng, H\u00e0 N\u1ed9i <\/li>\n\n                                                            <li class=\"gd-motangan\">Th\u1ec3 l\u1ec7 & Ph\u1ea7n th\u01b0\u1edfng: <a href=\"https:\/\/haikyu.vn\/dev\/giai-dau\/giai-dau-haikyu-toan-quoc-ha-noi-05-05-19\/\">Nh\u1ea5p v\u00e0o \u0111\u1ec3 xem<\/a><\/li>\n                                                           \n                                                          \n                                                         <\/ul>\n                                                    <\/div>\n\n                                     <\/div>\n                                              \n                               \n                                                            \n                                                                                   \n                                             <div class=\"container-congdong giai-dau-du-kien\">\n                                                    <a href=\"https:\/\/haikyu.vn\/dev\/giai-dau\/giai-dau-haikyu-toan-quoc-hcm-14-04-19\/\"><img width=\"325\" height=\"147\" src=\"https:\/\/haikyu.vn\/dev\/wp-content\/uploads\/2019\/04\/giai-dau-haikyu-toan-quoc-325x147.jpg\" class=\"thumcd-img wp-post-image\" alt=\"Gi\u1ea3i \u0111\u1ea5u Haikyu!! to\u00e0n qu\u1ed1c\" loading=\"lazy\" \/><\/a>\n                                                    <div class=\"content-congdong  \" >\n                                                        <a href=\"https:\/\/haikyu.vn\/dev\/giai-dau\/giai-dau-haikyu-toan-quoc-hcm-14-04-19\/\"><h5>GI\u1ea2I \u0110\u1ea4U HAIKYU!! VOLLLEYBALL CARD GAME TO\u00c0N QU\u1ed0C \u2013 T\u1ed4NG K\u1ebeT GI\u1ea2I \u0110\u1ea4U \u0110\u1ea6U TI\u00caN 04\/2019<\/h5><\/a>\n                                                                               \n                                                        <ul>\n                                                            <li class=\"gd-date\">Ng\u00e0y:  14-04-2019<\/li>\n                                                            <li  class=\"gd-diadiem\">\u0110i\u0323a \u0111i\u00ea\u0309m: WAYS Cafe & Mobile Gaming, L\u1ea7u 1, 64 Ho\u00e0ng Hoa Th\u00e1m, P.7, Q. B\u00ecnh Th\u1ea1nh, TP. HCM <\/li>\n\n                                                            <li class=\"gd-motangan\">Th\u1ec3 l\u1ec7 & Ph\u1ea7n th\u01b0\u1edfng: <a href=\"https:\/\/haikyu.vn\/dev\/giai-dau\/giai-dau-haikyu-toan-quoc-hcm-14-04-19\/\">Nh\u1ea5p v\u00e0o \u0111\u1ec3 xem<\/a><\/li>\n                                                           \n                                                          \n                                                         <\/ul>\n                                                    <\/div>\n\n                                     <\/div>\n                                              \n                               \n                                                            \n                                                                                   \n                                             <div class=\"container-congdong giai-dau-du-kien\">\n                                                    <a href=\"https:\/\/haikyu.vn\/dev\/giai-dau\/giai-dau-haikyu-mini-series-lan-1\/\"><img width=\"325\" height=\"147\" src=\"https:\/\/haikyu.vn\/dev\/wp-content\/uploads\/2018\/12\/giai-dau-haikyu-mini-series-ava-325x147.jpg\" class=\"thumcd-img wp-post-image\" alt=\"\" loading=\"lazy\" srcset=\"https:\/\/haikyu.vn\/dev\/wp-content\/uploads\/2018\/12\/giai-dau-haikyu-mini-series-ava-325x147.jpg 325w, https:\/\/haikyu.vn\/dev\/wp-content\/uploads\/2018\/12\/giai-dau-haikyu-mini-series-ava-600x273.jpg 600w, https:\/\/haikyu.vn\/dev\/wp-content\/uploads\/2018\/12\/giai-dau-haikyu-mini-series-ava-300x136.jpg 300w, https:\/\/haikyu.vn\/dev\/wp-content\/uploads\/2018\/12\/giai-dau-haikyu-mini-series-ava-768x349.jpg 768w, https:\/\/haikyu.vn\/dev\/wp-content\/uploads\/2018\/12\/giai-dau-haikyu-mini-series-ava.jpg 810w\" sizes=\"(max-width: 325px) 100vw, 325px\" \/><\/a>\n                                                    <div class=\"content-congdong  \" >\n                                                        <a href=\"https:\/\/haikyu.vn\/dev\/giai-dau\/giai-dau-haikyu-mini-series-lan-1\/\"><h5>Gi\u1ea3i \u0111\u1ea5u Haikyu!! Mini Series L\u1ea7n 1<\/h5><\/a>\n                                                                               \n                                                        <ul>\n                                                            <li class=\"gd-date\">Ng\u00e0y:  16-12-2018<\/li>\n                                                            <li  class=\"gd-diadiem\">\u0110i\u0323a \u0111i\u00ea\u0309m: Trung t\u00e2m s\u00e1ch Kim \u0110\u1ed3ng <\/li>\n\n                                                            <li class=\"gd-motangan\">Th\u1ec3 l\u1ec7 & Ph\u1ea7n th\u01b0\u1edfng: <a href=\"https:\/\/haikyu.vn\/dev\/giai-dau\/giai-dau-haikyu-mini-series-lan-1\/\">Nh\u1ea5p v\u00e0o \u0111\u1ec3 xem<\/a><\/li>\n                                                           \n                                                          \n                                                         <\/ul>\n                                                    <\/div>\n\n                                     <\/div>\n                                              \n                               \n                                                            \n                                        \n                    \n                [\/vc_column_text][vc_column_text]<\/p>\n<div class=\"more-giadau\"><a href=\"http:\/\/haikyu.vn\/giai-dau-da-to-chuc\/\">Xem th\u00eam &gt; <\/a><\/div>\n<p>[\/vc_column_text][\/vc_column][\/vc_row]<\/p>\n","protected":false},"excerpt":{"rendered":"<p>[vc_row][vc_column el_class=&#8221;box-noidung&#8221;][vc_column_text] Gi\u1ea3i \u0111\u1ea5u s\u1eafp di\u1ec5n ra [\/vc_column_text][vc_column_text el_class=&#8221;scroll-page giai-dau&#8221;][\/vc_column_text][vc_column_text] Xem th\u00eam &gt; [\/vc_column_text][\/vc_column][\/vc_row][vc_row][vc_column el_class=&#8221;box-noidung&#8221;][vc_column_text] Gi\u1ea3i \u0111\u1ea5u \u0111\u00e3 t\u1ed5 ch\u1ee9c [\/vc_column_text][vc_column_text el_class=&#8221;scroll-page giai-dau&#8221;][\/vc_column_text][vc_column_text] Xem th\u00eam &gt; [\/vc_column_text][\/vc_column][\/vc_row]<\/p>\n","protected":false},"author":14,"featured_media":0,"parent":0,"menu_order":0,"comment_status":"closed","ping_status":"closed","template":"","meta":[],"_links":{"self":[{"href":"https:\/\/haikyu.vn\/dev\/wp-json\/wp\/v2\/pages\/310"}],"collection":[{"href":"https:\/\/haikyu.vn\/dev\/wp-json\/wp\/v2\/pages"}],"about":[{"href":"https:\/\/haikyu.vn\/dev\/wp-json\/wp\/v2\/types\/page"}],"author":[{"embeddable":true,"href":"https:\/\/haikyu.vn\/dev\/wp-json\/wp\/v2\/users\/14"}],"replies":[{"embeddable":true,"href":"https:\/\/haikyu.vn\/dev\/wp-json\/wp\/v2\/comments?post=310"}],"version-history":[{"count":43,"href":"https:\/\/haikyu.vn\/dev\/wp-json\/wp\/v2\/pages\/310\/revisions"}],"predecessor-version":[{"id":2261,"href":"https:\/\/haikyu.vn\/dev\/wp-json\/wp\/v2\/pages\/310\/revisions\/2261"}],"wp:attachment":[{"href":"https:\/\/haikyu.vn\/dev\/wp-json\/wp\/v2\/media?parent=310"}],"curies":[{"name":"wp","href":"https:\/\/api.w.org\/{rel}","templated":true}]}}