{"id":2,"date":"2018-05-02T02:28:50","date_gmt":"2018-05-02T02:28:50","guid":{"rendered":"http:\/\/109.199.126.169\/~jpwebseo\/demo\/Haikyu\/?page_id=2"},"modified":"2019-06-17T09:54:20","modified_gmt":"2019-06-17T09:54:20","slug":"trang-chu-bo-co-bong-chuyen-haikyu","status":"publish","type":"page","link":"https:\/\/haikyu.vn\/dev\/","title":{"rendered":"Trang ch\u1ee7"},"content":{"rendered":"<p>[vc_row][vc_column][vc_row_inner][vc_column_inner][vc_images_carousel images=&#8221;1622,2133,2195&#8243; img_size=&#8221;full&#8221; onclick=&#8221;link_no&#8221; wrap=&#8221;yes&#8221;][\/vc_column_inner][\/vc_row_inner][vc_row_inner][vc_column_inner width=&#8221;1\/2&#8243;][vc_single_image image=&#8221;2148&#8243; img_size=&#8221;full&#8221; alignment=&#8221;center&#8221; onclick=&#8221;custom_link&#8221; img_link_target=&#8221;_blank&#8221; el_class=&#8221;border-img&#8221; link=&#8221;https:\/\/www.facebook.com\/haikyu.vn\/&#8221;][\/vc_column_inner][vc_column_inner width=&#8221;1\/2&#8243;][vc_single_image image=&#8221;1099&#8243; img_size=&#8221;full&#8221; el_class=&#8221;border-img&#8221;][\/vc_column_inner][\/vc_row_inner][\/vc_column][\/vc_row][vc_row el_class=&#8221;home-bottom&#8221;][vc_column width=&#8221;5\/12&#8243; el_class=&#8221;tablet100&#8243; css=&#8221;.vc_custom_1527908780502{padding-right: 35px !important;}&#8221;][vc_row_inner el_class=&#8221;product-new&#8221;][vc_column_inner el_class=&#8221;box-noidung&#8221;][vc_column_text]<\/p>\n<div class=\"div-title\">\n<h3 class=\"title-noidung\"><a href=\"http:\/\/haikyu.vn\/san-pham\/\">S\u1ea3n ph\u1ea9m m\u1edbi nh\u1ea5t<\/a><\/h3>\n<p>&nbsp;<\/p><\/div>\n<p>[\/vc_column_text][vc_column_text css=&#8221;.vc_custom_1525418044139{margin-bottom: 50px !important;}&#8221;]         <ul class=\"i-sanpham\">                                 <li class=\"i-sp\">\n                                    <a href=\"https:\/\/haikyu.vn\/dev\/san-pham\/test-sp\/\">\n                                                                                <div class=\"i-image\"> \n                                                                                  <\/div>\n                                         <div class=\"i-info\">\n                                            <h5 class=\"title\">test sp<\/h5>\n                                             <p>test<\/p>\n                                         <\/div>\n                                        \n                                    <\/a>\n                                <\/li>\n                                                <li class=\"i-sp\">\n                                    <a href=\"https:\/\/haikyu.vn\/dev\/san-pham\/goi-co-mo-rong-hv-02\/\">\n                                                                                <span class=\"gif-icon gif-icon-left\"><img src=\"https:\/\/haikyu.vn\/dev\/wp-content\/uploads\/2018\/10\/Effect_New-2.gif\" \/><\/span>\n                                                                                <div class=\"i-image\"> \n                                         <img width=\"2362\" height=\"2362\" src=\"https:\/\/haikyu.vn\/dev\/wp-content\/uploads\/2019\/07\/goi-mo-rong-hv-02.png\" class=\"attachment-post-thumbnail size-post-thumbnail wp-post-image\" alt=\"g\u00f3i m\u1edf r\u1ed9ng \u0111\u1ee3t 2\" loading=\"lazy\" srcset=\"https:\/\/haikyu.vn\/dev\/wp-content\/uploads\/2019\/07\/goi-mo-rong-hv-02.png 2362w, https:\/\/haikyu.vn\/dev\/wp-content\/uploads\/2019\/07\/goi-mo-rong-hv-02-150x150.png 150w, https:\/\/haikyu.vn\/dev\/wp-content\/uploads\/2019\/07\/goi-mo-rong-hv-02-300x300.png 300w, https:\/\/haikyu.vn\/dev\/wp-content\/uploads\/2019\/07\/goi-mo-rong-hv-02-768x768.png 768w, https:\/\/haikyu.vn\/dev\/wp-content\/uploads\/2019\/07\/goi-mo-rong-hv-02-1024x1024.png 1024w, https:\/\/haikyu.vn\/dev\/wp-content\/uploads\/2019\/07\/goi-mo-rong-hv-02-60x60.png 60w, https:\/\/haikyu.vn\/dev\/wp-content\/uploads\/2019\/07\/goi-mo-rong-hv-02-600x600.png 600w, https:\/\/haikyu.vn\/dev\/wp-content\/uploads\/2019\/07\/goi-mo-rong-hv-02-100x100.png 100w\" sizes=\"(max-width: 2362px) 100vw, 2362px\" \/>                                         <\/div>\n                                         <div class=\"i-info\">\n                                            <h5 class=\"title\">G\u00f3i c\u1edd m\u1edf r\u1ed9ng HV-02<\/h5>\n                                             <p>G\u00f3i c\u1edd m\u1edf r\u1ed9ng \u0111\u1ee3t 2 &#8211; Tr\u1eadn t\u00e1i \u0111\u1ea5u \u0111\u1ecbnh m\u1ec7nh s\u1ebd mang \u0111\u1ebfn nh\u1eefng n\u00e2ng c\u1ea5p \u0111\u00e1ng gi\u00e1 cho b\u1ed9 c\u1edd c\u1ee7a b\u1ea1n. Nh\u1eefng tuy\u1ec3n th\u1ee7 Karasuno v\u1edbi phi\u00ean b\u1ea3n m\u1ea1nh h\u01a1n \u0111\u00e3 s\u1eb5n s\u00e0ng ti\u1ebfp \u0111\u00f3n c\u00e1c \u0111\u1ed1i th\u1ee7 tr\u01b0\u1eddng Nekoma.<\/p>\n                                         <\/div>\n                                        \n                                    <\/a>\n                                <\/li>\n                                                <li class=\"i-sp\">\n                                    <a href=\"https:\/\/haikyu.vn\/dev\/san-pham\/hop-co-mo-rong-hv-02\/\">\n                                                                                <span class=\"gif-icon gif-icon-left\"><img src=\"https:\/\/haikyu.vn\/dev\/wp-content\/uploads\/2018\/10\/Effect_New-2.gif\" \/><\/span>\n                                                                                <div class=\"i-image\"> \n                                         <img width=\"2396\" height=\"2575\" src=\"https:\/\/haikyu.vn\/dev\/wp-content\/uploads\/2019\/07\/hop-mo-rong-hv-02.png\" class=\"attachment-post-thumbnail size-post-thumbnail wp-post-image\" alt=\"H\u1ed9p c\u1edd m\u1edf r\u1ed9ng \u0111\u1ee3t 2\" loading=\"lazy\" srcset=\"https:\/\/haikyu.vn\/dev\/wp-content\/uploads\/2019\/07\/hop-mo-rong-hv-02.png 2396w, https:\/\/haikyu.vn\/dev\/wp-content\/uploads\/2019\/07\/hop-mo-rong-hv-02-279x300.png 279w, https:\/\/haikyu.vn\/dev\/wp-content\/uploads\/2019\/07\/hop-mo-rong-hv-02-768x825.png 768w, https:\/\/haikyu.vn\/dev\/wp-content\/uploads\/2019\/07\/hop-mo-rong-hv-02-953x1024.png 953w, https:\/\/haikyu.vn\/dev\/wp-content\/uploads\/2019\/07\/hop-mo-rong-hv-02-600x645.png 600w\" sizes=\"(max-width: 2396px) 100vw, 2396px\" \/>                                         <\/div>\n                                         <div class=\"i-info\">\n                                            <h5 class=\"title\">H\u1ed9p c\u1edd m\u1edf r\u1ed9ng HV-02<\/h5>\n                                             <p>B\u1ed9 c\u1edd m\u1edf r\u1ed9ng \u0111\u1ee3t 2 &#8211; Tr\u1eadn t\u00e1i \u0111\u1ea5u \u0111\u1ecbnh m\u1ec7nh s\u1ebd mang \u0111\u1ebfn nh\u1eefng n\u00e2ng c\u1ea5p \u0111\u00e1ng gi\u00e1 cho b\u1ed9 c\u1edd c\u1ee7a c\u00e1c b\u1ea1n. Nh\u1eefng tuy\u1ec3n th\u1ee7 tr\u01b0\u1eddng Karasuno v\u1edbi phi\u00ean b\u1ea3n m\u1ea1nh h\u01a1n \u0111\u00e3 s\u1eb5n s\u00e0ng ti\u1ebfp \u0111\u00f3n c\u00e1c \u0111\u1ed1i th\u1ee7 \u0111\u1ebfn t\u1eeb tr\u01b0\u1eddng Nekoma.<\/p>\n                                         <\/div>\n                                        \n                                    <\/a>\n                                <\/li>\n                                <\/ul> [\/vc_column_text][\/vc_column_inner][\/vc_row_inner][vc_row_inner el_class=&#8221;product-new&#8221;][vc_column_inner el_class=&#8221;box-noidung&#8221;][vc_column_text]<\/p>\n<div class=\"div-title\">\n<h3 class=\"title-noidung\">Clips m\u1edbi nh\u1ea5t<\/h3>\n<p>&nbsp;<\/p><\/div>\n<p>[\/vc_column_text][vc_video link=&#8221;https:\/\/www.youtube.com\/watch?v=iCitbXgCP9M&#8221;][vc_video link=&#8221;https:\/\/www.youtube.com\/watch?v=nCcZ2WrL2_s&#8221;][\/vc_column_inner][\/vc_row_inner][\/vc_column][vc_column width=&#8221;7\/12&#8243; el_class=&#8221;tablet100 content-right&#8221; css=&#8221;.vc_custom_1531987154333{padding-left: 35px !important;}&#8221;][vc_row_inner el_class=&#8221;info-new&#8221;][vc_column_inner el_class=&#8221;box-noidung&#8221;][vc_column_text css=&#8221;.vc_custom_1535361015648{margin-bottom: 50px !important;}&#8221;]<\/p>\n<div class=\"div-title\">\n<h3 class=\"title-noidung\"><a href=\"http:\/\/haikyu.vn\/chien-thuat\">Tin t\u1ee9c v\u00e0 chi\u1ebfn thu\u1eadt m\u1edbi nh\u1ea5t<\/a><\/h3>\n<\/div>\n<p>[\/vc_column_text][vc_column_text css=&#8221;.vc_custom_1525315378068{margin-bottom: 50px !important;}&#8221;]         <table width=\"100%\" border=\"0\" align=\"center\" cellpadding=\"4\" cellspacing=\"0\" class=\"tb-news-event\"> \n            <tbody>\n                                <tr class=\"\">\n                        <td valign=\"top\" class=\"tb-img\">\n                        <div class=\"el-relative\">\n                        <span class=\"gif-icon gif-icon-left gif-icon-center-100\"><img src=\"https:\/\/haikyu.vn\/dev\/wp-content\/uploads\/2018\/10\/New_icon.png\" \/><\/span><span class=\"news-title tintuc\">Tin t\u1ee9c<\/span>                        <\/div>\n                        <\/td>\n                        <td valign=\"top\" class=\"tb-time\">26-3-2019<\/td>\n                        <td class=\"tb-link\">\n                            <div class=\"el-relative\">\n                                                        \n                            <a href=\"https:\/\/haikyu.vn\/dev\/bo-tui-bao-ve-quan-co-haikyu-phat-hanh\/\">\n                                B\u1ed9 t\u00fai b\u1ea3o v\u1ec7 qu\u00e2n c\u1edd Haikyu!! ch\u00ednh th\u1ee9c ph\u00e1t h\u00e0nh                            <\/a>\n                            <\/div>\n                        <\/td>\n                    <\/tr>\n                                    <tr class=\"\">\n                        <td valign=\"top\" class=\"tb-img\">\n                        <div class=\"el-relative\">\n                        <span class=\"news-title tintuc\">Tin t\u1ee9c<\/span>                        <\/div>\n                        <\/td>\n                        <td valign=\"top\" class=\"tb-time\">22-2-2019<\/td>\n                        <td class=\"tb-link\">\n                            <div class=\"el-relative\">\n                                                        \n                            <a href=\"https:\/\/haikyu.vn\/dev\/bo-co-mo-rong-dot-1-chinh-thuc-phat-hanh\/\">\n                                B\u1ed9 c\u1edd m\u1edf r\u1ed9ng \u0111\u1ee3t 1 CLB tr\u01b0\u1eddng THPT Karasuno ch\u00ednh th\u1ee9c ph\u00e1t h\u00e0nh                            <\/a>\n                            <\/div>\n                        <\/td>\n                    <\/tr>\n                                    <tr class=\"\">\n                        <td valign=\"top\" class=\"tb-img\">\n                        <div class=\"el-relative\">\n                        <span class=\"gif-icon gif-icon-left gif-icon-center-100\"><img src=\"https:\/\/haikyu.vn\/dev\/wp-content\/uploads\/2018\/10\/effect_Web-2.gif\" \/><\/span><span class=\"news-title chienthuat\">Chi\u1ebfn thu\u1eadt<\/span>                        <\/div>\n                        <\/td>\n                        <td valign=\"top\" class=\"tb-time\">23-1-2019<\/td>\n                        <td class=\"tb-link\">\n                            <div class=\"el-relative\">\n                                                        \n                            <a href=\"https:\/\/haikyu.vn\/dev\/chien-thuat\/chien-thuat-cu-chuyen-nhanh-quai-di-hinata-kageyama\/\">\n                                Chi\u1ebfn thu\u1eadt \u201cC\u00fa chuy\u1ec1n nhanh qu\u00e1i d\u1ecb!!\u201d k\u1ebft h\u1ee3p Hinata &#038; Kageyama                            <\/a>\n                            <\/div>\n                        <\/td>\n                    <\/tr>\n                                    <tr class=\"\">\n                        <td valign=\"top\" class=\"tb-img\">\n                        <div class=\"el-relative\">\n                        <span class=\"news-title tintuc\">Tin t\u1ee9c<\/span>                        <\/div>\n                        <\/td>\n                        <td valign=\"top\" class=\"tb-time\">14-1-2019<\/td>\n                        <td class=\"tb-link\">\n                            <div class=\"el-relative\">\n                                                        \n                            <a href=\"https:\/\/haikyu.vn\/dev\/kim-dong-phat-tang-bo-co-haikyu-tren-toan-quoc\/\">\n                                NXB Kim \u0110\u1ed3ng ch\u00ednh th\u1ee9c ph\u00e1t t\u1eb7ng mi\u1ec5n ph\u00ed B\u1ed9 c\u1edd b\u00f3ng chuy\u1ec1n Haikyu!! tr\u00ean to\u00e0n qu\u1ed1c                            <\/a>\n                            <\/div>\n                        <\/td>\n                    <\/tr>\n                                    <tr class=\"\">\n                        <td valign=\"top\" class=\"tb-img\">\n                        <div class=\"el-relative\">\n                        <span class=\"news-title tintuc\">Tin t\u1ee9c<\/span>                        <\/div>\n                        <\/td>\n                        <td valign=\"top\" class=\"tb-time\">14-1-2019<\/td>\n                        <td class=\"tb-link\">\n                            <div class=\"el-relative\">\n                                                        \n                            <a href=\"https:\/\/haikyu.vn\/dev\/phat-tang-mien-phi-haikyu-tai-gg-ha-noi\/\">\n                                Ph\u00e1t t\u1eb7ng mi\u1ec5n ph\u00ed B\u1ed9 c\u1edd b\u00f3ng chuy\u1ec1n Haikyu!! t\u1ea1i GG Store H\u00e0 N\u1ed9i                            <\/a>\n                            <\/div>\n                        <\/td>\n                    <\/tr>\n                                    <tr class=\"\">\n                        <td valign=\"top\" class=\"tb-img\">\n                        <div class=\"el-relative\">\n                        <span class=\"news-title tintuc\">Tin t\u1ee9c<\/span>                        <\/div>\n                        <\/td>\n                        <td valign=\"top\" class=\"tb-time\">25-12-2018<\/td>\n                        <td class=\"tb-link\">\n                            <div class=\"el-relative\">\n                                                        \n                            <a href=\"https:\/\/haikyu.vn\/dev\/bo-co-bong-chuyen-haikyu-da-co-mat-tai-gg-store-hcm\/\">\n                                B\u1ed9 c\u1edd b\u00f3ng chuy\u1ec1n Haikyu!! hi\u1ec7n \u0111\u00e3 c\u00f3 m\u1eb7t t\u1ea1i GG Store H\u1ed3 Ch\u00ed Minh                            <\/a>\n                            <\/div>\n                        <\/td>\n                    <\/tr>\n                                <\/tbody>\n        <\/table> [\/vc_column_text][\/vc_column_inner][\/vc_row_inner][vc_row_inner el_class=&#8221;date-event&#8221;][vc_column_inner el_class=&#8221;box-noidung&#8221;][vc_column_text css=&#8221;.vc_custom_1553584724090{margin-bottom: 20px !important;}&#8221;]<\/p>\n<div class=\"div-title\">\n<h3 class=\"title-noidung\"><a href=\"http:\/\/haikyu.vn\/quang-ba\">L\u1ecbch s\u1ef1 ki\u1ec7n<\/a><\/h3>\n<\/div>\n<p>[\/vc_column_text][vc_column_text css=&#8221;.vc_custom_1558429897807{margin-bottom: 50px !important;}&#8221;]<\/p>\n<style>\ntr.bottom {border-bottom-style: solid; border-width: 1px;}<\/style>\n<p>&nbsp;<\/p>\n<table class=\"tb-lich-sukien\" border=\"0\" width=\"95%\" cellspacing=\"0\" cellpadding=\"4\" align=\"center\">\n<tbody class=\"inset\">\n<tr class=\"title-nd\">\n<td>TH\u1edcI GIAN<\/td>\n<td>S\u1ef0 KI\u1ec6N<\/td>\n<td>\u0110\u1ecaA \u0110I\u1ec2M<\/td>\n<td>TH\u00d4NG TIN<\/td>\n<\/tr>\n<tr class=\"bottom\">\n<td>18\/05\/2019<\/td>\n<td>Japanese Folktales: Words Of Miracles \u2013 THPT chuy\u00ean Tr\u1ea7n \u0110\u1ea1i Ngh\u0129a<\/td>\n<td>H\u1ed3 Ch\u00ed Minh<\/td>\n<td><a href=\"https:\/\/haikyu.vn\/quang-ba\/cung-choi-haikyu-tai-truong-thpt-chuyen-tran-dai-nghia\/\">Xem th\u00eam<\/a><\/td>\n<\/tr>\n<tr class=\"bottom\">\n<td>12\/05\/2019<\/td>\n<td>Ng\u00e0y h\u1ed9i Nh\u1eadt B\u1ea3n<\/td>\n<td>H\u1ed3 Ch\u00ed Minh<\/td>\n<td><a href=\"https:\/\/haikyu.vn\/quang-ba\/ngay-hoi-nhat-ban-dai-hoc-ngoai-thuong-co-so-2\/\">Xem th\u00eam<\/a><\/td>\n<\/tr>\n<tr class=\"bottom\">\n<td>14\/04\/2019<\/td>\n<td>Gi\u1ea3i \u0111\u1ea5u Haikyu!! Volleyball Card Game to\u00e0n qu\u1ed1c \u0111\u1ea7u ti\u00ean<\/td>\n<td>H\u1ed3 Ch\u00ed Minh<\/td>\n<td><a href=\"http:\/\/haikyu.vn\/giai-dau\/giai-dau-haikyu-toan-quoc\/\">Xem th\u00eam<\/a><\/td>\n<\/tr>\n<tr class=\"bottom\">\n<td>30-31\/03\/2019<\/td>\n<td>L\u1ec5 h\u1ed9i Hoa anh \u0111\u00e0o Nh\u1eadt B\u1ea3n 2019<\/td>\n<td>H\u00e0 N\u1ed9i<\/td>\n<td><a href=\"http:\/\/haikyu.vn\/quang-ba\/le-hoi-hoa-anh-dao-nhat-ban-2019\/\">Xem th\u00eam<\/a><\/td>\n<\/tr>\n<tr class=\"bottom\">\n<td>24\/03\/2019<\/td>\n<td>L\u1ec5 h\u1ed9i Japan Wave 2019<\/td>\n<td>H\u1ed3 Ch\u00ed Minh<\/td>\n<td><a href=\"http:\/\/haikyu.vn\/quang-ba\/le-hoi-nhat-ban-japan-wave-2019\/\">Xem th\u00eam<\/a><\/td>\n<\/tr>\n<tr class=\"bottom\">\n<td>03\/03\/2019<\/td>\n<td>L\u1ec5 h\u1ed9i Spring Days<\/td>\n<td>H\u1ed3 Ch\u00ed Minh<\/td>\n<td><a href=\"http:\/\/haikyu.vn\/quang-ba\/le-hoi-spring-days-2019\/\">Xem th\u00eam<\/a><\/td>\n<\/tr>\n<tr class=\"bottom\">\n<td>16\/12\/2018<\/td>\n<td>S\u1ef1 ki\u1ec7n ra m\u1eaft s\u1ea3n ph\u1ea9m<\/td>\n<td>H\u1ed3 Ch\u00ed Minh<\/td>\n<td><a href=\"http:\/\/haikyu.vn\/quang-ba\/ra-mat-bo-co-bong-chuyen-haikyu-tai-tp-ho-chi-minh\/\">Xem th\u00eam<\/a><\/td>\n<\/tr>\n<tr class=\"bottom\">\n<td>22\/11\/2018<\/td>\n<td>L\u1ec5 ra m\u1eaft s\u1ea3n ph\u1ea9m<\/td>\n<td>H\u00e0 N\u1ed9i<\/td>\n<td><a href=\"http:\/\/haikyu.vn\/bo-co-bong-chuyen-haikyu-chinh-thuc-co-mat-tai-viet-nam\/\">Xem th\u00eam<\/a><\/td>\n<\/tr>\n<tr class=\"bottom\">\n<td>\n<div class=\"el-relative\">06 &#8211; 07\/10\/2018<\/div>\n<\/td>\n<td>H\u1ed9i s\u00e1ch Ho\u00e0ng Th\u00e0nh<\/td>\n<td>H\u00e0 N\u1ed9i<\/td>\n<td><a href=\"http:\/\/haikyu.vn\/quang-ba\/hoi-sach-ha-noi-2018\/\">Xem th\u00eam<\/a><\/td>\n<\/tr>\n<\/tbody>\n<\/table>\n<p>[\/vc_column_text][\/vc_column_inner][\/vc_row_inner][\/vc_column][\/vc_row]<\/p>\n","protected":false},"excerpt":{"rendered":"<p>[vc_row][vc_column][vc_row_inner][vc_column_inner][vc_images_carousel images=&#8221;1622,2133,2195&#8243; img_size=&#8221;full&#8221; onclick=&#8221;link_no&#8221; wrap=&#8221;yes&#8221;][\/vc_column_inner][\/vc_row_inner][vc_row_inner][vc_column_inner width=&#8221;1\/2&#8243;][vc_single_image image=&#8221;2148&#8243; img_size=&#8221;full&#8221; alignment=&#8221;center&#8221; onclick=&#8221;custom_link&#8221; img_link_target=&#8221;_blank&#8221; el_class=&#8221;border-img&#8221; link=&#8221;https:\/\/www.facebook.com\/haikyu.vn\/&#8221;][\/vc_column_inner][vc_column_inner width=&#8221;1\/2&#8243;][vc_single_image image=&#8221;1099&#8243; img_size=&#8221;full&#8221; el_class=&#8221;border-img&#8221;][\/vc_column_inner][\/vc_row_inner][\/vc_column][\/vc_row][vc_row el_class=&#8221;home-bottom&#8221;][vc_column width=&#8221;5\/12&#8243; el_class=&#8221;tablet100&#8243; css=&#8221;.vc_custom_1527908780502{padding-right: 35px !important;}&#8221;][vc_row_inner el_class=&#8221;product-new&#8221;][vc_column_inner el_class=&#8221;box-noidung&#8221;][vc_column_text] S\u1ea3n ph\u1ea9m m\u1edbi nh\u1ea5t &nbsp; [\/vc_column_text][vc_column_text css=&#8221;.vc_custom_1525418044139{margin-bottom: 50px !important;}&#8221;][\/vc_column_text][\/vc_column_inner][\/vc_row_inner][vc_row_inner el_class=&#8221;product-new&#8221;][vc_column_inner el_class=&#8221;box-noidung&#8221;][vc_column_text] Clips m\u1edbi nh\u1ea5t &nbsp; [\/vc_column_text][vc_video link=&#8221;https:\/\/www.youtube.com\/watch?v=iCitbXgCP9M&#8221;][vc_video link=&#8221;https:\/\/www.youtube.com\/watch?v=nCcZ2WrL2_s&#8221;][\/vc_column_inner][\/vc_row_inner][\/vc_column][vc_column width=&#8221;7\/12&#8243; el_class=&#8221;tablet100 content-right&#8221; css=&#8221;.vc_custom_1531987154333{padding-left: 35px !important;}&#8221;][vc_row_inner el_class=&#8221;info-new&#8221;][vc_column_inner el_class=&#8221;box-noidung&#8221;][vc_column_text css=&#8221;.vc_custom_1535361015648{margin-bottom: 50px !important;}&#8221;] Tin<\/p>\n","protected":false},"author":4,"featured_media":0,"parent":0,"menu_order":0,"comment_status":"closed","ping_status":"closed","template":"page-templates\/fullwidthpage.php","meta":[],"_links":{"self":[{"href":"https:\/\/haikyu.vn\/dev\/wp-json\/wp\/v2\/pages\/2"}],"collection":[{"href":"https:\/\/haikyu.vn\/dev\/wp-json\/wp\/v2\/pages"}],"about":[{"href":"https:\/\/haikyu.vn\/dev\/wp-json\/wp\/v2\/types\/page"}],"author":[{"embeddable":true,"href":"https:\/\/haikyu.vn\/dev\/wp-json\/wp\/v2\/users\/4"}],"replies":[{"embeddable":true,"href":"https:\/\/haikyu.vn\/dev\/wp-json\/wp\/v2\/comments?post=2"}],"version-history":[{"count":133,"href":"https:\/\/haikyu.vn\/dev\/wp-json\/wp\/v2\/pages\/2\/revisions"}],"predecessor-version":[{"id":1864,"href":"https:\/\/haikyu.vn\/dev\/wp-json\/wp\/v2\/pages\/2\/revisions\/1864"}],"wp:attachment":[{"href":"https:\/\/haikyu.vn\/dev\/wp-json\/wp\/v2\/media?parent=2"}],"curies":[{"name":"wp","href":"https:\/\/api.w.org\/{rel}","templated":true}]}}