{"id":128,"date":"2018-05-04T09:12:53","date_gmt":"2018-05-04T09:12:53","guid":{"rendered":"http:\/\/109.199.126.169\/~jpwebseo\/demo\/Haikyu\/?page_id=128"},"modified":"2019-04-08T08:06:08","modified_gmt":"2019-04-08T08:06:08","slug":"gioi-thieu","status":"publish","type":"page","link":"https:\/\/haikyu.vn\/dev\/gioi-thieu\/","title":{"rendered":"Gi\u1edbi thi\u1ec7u"},"content":{"rendered":"<p>[vc_row][vc_column el_class=&#8221;box-noidung&#8221;][vc_column_text css=&#8221;.vc_custom_1529982080832{margin-bottom: 50px !important;}&#8221;]<\/p>\n<div class=\"div-title right\">\n<h3 class=\"title-noidung\">Gi\u1edbi thi\u1ec7u<\/h3>\n<\/div>\n<p>[\/vc_column_text][vc_row_inner][vc_column_inner el_class=&#8221;padding-35&#8243;][vc_column_text]\u201cB\u1ed9 c\u1edd b\u00f3ng chuy\u1ec1n Haikyu!!\u201d (t\u00ean ti\u1ebfng Anh: \u201cHaikyu!! Volleyball Card Game\u201d) l\u00e0 s\u1ea3n ph\u1ea9m TCG \u0111\u01b0\u1ee3c c\u00f4ng ty Takara Tomy ph\u00e1t h\u00e0nh v\u00e0o n\u0103m 2014 t\u1ea1i Nh\u1eadt B\u1ea3n. Tr\u00f2 ch\u01a1i n\u00e0y \u0111\u01b0\u1ee3c x\u00e2y d\u1ef1ng d\u1ef1a tr\u00ean b\u1ed9 truy\u1ec7n tranh n\u1ed5i ti\u1ebfng \u201cHaikyu!!\u201d c\u1ee7a t\u00e1c gi\u1ea3 Haruichi Furudate, ph\u00e1t h\u00e0nh b\u1edfi NXB Shueisha t\u1eeb n\u0103m 2012. Truy\u1ec7n c\u0169ng \u0111\u00e3 \u0111\u01b0\u1ee3c NXB Kim \u0110\u1ed3ng ph\u00e1t h\u00e0nh t\u1ea1i Vi\u1ec7t Nam v\u1edbi t\u00ean g\u1ecdi \u201cHaikyu!! Ch\u00e0ng kh\u1ed5ng l\u1ed3 t\u00ed hon\u201d. \u201cB\u1ed9 c\u1edd b\u00f3ng chuy\u1ec1n Haikyu!!\u201d l\u00e0 TCG phi\u00ean b\u1ea3n ti\u1ebfng Vi\u1ec7t \u0111\u1ea7u ti\u00ean c\u00f3 b\u1ea3n quy\u1ec1n v\u00e0 \u0111\u01b0\u1ee3c ph\u00e2n ph\u1ed1i b\u1edfi c\u00f4ng ty TNHH Showa Brain Navi Vi\u1ec7t Nam.[\/vc_column_text][\/vc_column_inner][\/vc_row_inner][\/vc_column][\/vc_row][vc_row][vc_column el_class=&#8221;box-noidung&#8221;][vc_column_text css=&#8221;.vc_custom_1539669847722{margin-bottom: 20px !important;}&#8221;]<\/p>\n<div class=\"div-title right\">\n<h3 class=\"title-noidung\">D\u00e0nh cho ng\u01b0\u1eddi m\u1edbi<\/h3>\n<\/div>\n<p>[\/vc_column_text][vc_row_inner][vc_column_inner el_class=&#8221;padding-35 hoidap-nguoimoi&#8221;][vc_column_text css=&#8221;.vc_custom_1539669945378{margin-bottom: 0px !important;}&#8221;]             <ul class=\"i-hoidap\"> \n     \n                                    <li class=\"i-hd\">\n                                        <a href=\"https:\/\/haikyu.vn\/dev\/trading-card-game-la-gi\/\">Trading Card Game l\u00e0 g\u00ec ?<\/a>\n                                    <\/li>\n     \n                    \n     \n                                    <li class=\"i-hd\">\n                                        <a href=\"https:\/\/haikyu.vn\/dev\/bo-co-bong-chuyen-haikyu-la-gi\/\">B\u1ed9 C\u1edd B\u00f3ng Chuy\u1ec1n Haikyu!! l\u00e0 g\u00ec ?<\/a>\n                                    <\/li>\n     \n                    \n     \n                                    <li class=\"i-hd\">\n                                        <a href=\"https:\/\/haikyu.vn\/dev\/dong-san-pham-bo-co-bong-chuyen-haikyu-bao-gom-nhung-gi\/\">D\u00f2ng s\u1ea3n ph\u1ea9m B\u1ed9 C\u1edd B\u00f3ng Chuy\u1ec1n Haikyu!! bao g\u1ed3m nh\u1eefng g\u00ec ?<\/a>\n                                    <\/li>\n     \n                    \n     \n                                    <li class=\"i-hd\">\n                                        <a href=\"https:\/\/haikyu.vn\/dev\/choi-bo-co-bong-chuyen-haikyu-nhu-the-nao\/\">Ch\u01a1i B\u1ed9 C\u1edd B\u00f3ng Chuy\u1ec1n Haikyu!! nh\u01b0 th\u1ebf n\u00e0o?<\/a>\n                                    <\/li>\n     \n                    \n     \n                                    <li class=\"i-hd\">\n                                        <a href=\"https:\/\/haikyu.vn\/dev\/bao-quan-quan-co-haikyu-nhu-the-nao\/\">B\u1ea3o qu\u1ea3n qu\u00e2n c\u1edd Haikyu!! nh\u01b0 th\u1ebf n\u00e0o?<\/a>\n                                    <\/li>\n     \n                    \n     \n                                    <li class=\"i-hd\">\n                                        <a href=\"https:\/\/haikyu.vn\/dev\/toi-co-the-tim-doc-truyen-haikyu-o-dau\/\">T\u00f4i c\u00f3 th\u1ec3 t\u00ecm \u0111\u1ecdc truy\u1ec7n Haikyu!! \u1edf \u0111\u00e2u?<\/a>\n                                    <\/li>\n     \n                    \n     \n                                    <li class=\"i-hd\">\n                                        <a href=\"https:\/\/haikyu.vn\/dev\/cach-xay-dung-mot-bo-co-haikyu-nhu-the-nao\/\">C\u00e1ch x\u00e2y d\u1ef1ng m\u1ed9t b\u1ed9 c\u1edd Haikyu!! nh\u01b0 th\u1ebf n\u00e0o?<\/a>\n                                    <\/li>\n     \n                    \n     \n                                    <li class=\"i-hd\">\n                                        <a href=\"https:\/\/haikyu.vn\/dev\/toi-co-the-choi-haikyu-o-dau\/\">T\u00f4i c\u00f3 th\u1ec3 ch\u01a1i Haikyu!! \u1edf \u0111\u00e2u ?<\/a>\n                                    <\/li>\n     \n                    \n     \n                                    <li class=\"i-hd\">\n                                        <a href=\"https:\/\/haikyu.vn\/dev\/mua-haikyu-volleyball-card-game-o-dau\/\">Mua Haikyu!! Volleyball Card Game \u1edf \u0111\u00e2u?<\/a>\n                                    <\/li>\n     \n                                <\/ul> [\/vc_column_text][\/vc_column_inner][\/vc_row_inner][\/vc_column][\/vc_row][vc_row][vc_column el_class=&#8221;box-noidung&#8221;][vc_column_text css=&#8221;.vc_custom_1539669855231{margin-bottom: 20px !important;}&#8221;]<\/p>\n<div class=\"div-title right\">\n<h3 class=\"title-noidung\">D\u00e0nh cho ph\u1ee5 huynh<\/h3>\n<\/div>\n<p>[\/vc_column_text][vc_row_inner][vc_column_inner el_class=&#8221;padding-35 hoidap-phuhuynh&#8221;][vc_column_text]             <ul class=\"i-hoidap\"> \n     \n                                    <li class=\"i-hd\">\n                                        <a href=\"https:\/\/haikyu.vn\/dev\/con-toi-hoc-duoc-gi-tu-bo-co-bong-chuyen-haikyu\/\">Con t\u00f4i h\u1ecdc \u0111\u01b0\u1ee3c g\u00ec t\u1eeb B\u1ed9 c\u1edd b\u00f3ng chuy\u1ec1n Haikyu?<\/a>\n                                    <\/li>\n     \n                    \n     \n                                    <li class=\"i-hd\">\n                                        <a href=\"https:\/\/haikyu.vn\/dev\/con-toi-bat-dau-hoc-choi-nhu-the-nao\/\">Con t\u00f4i b\u1eaft \u0111\u1ea7u h\u1ecdc ch\u01a1i nh\u01b0 th\u1ebf n\u00e0o?<\/a>\n                                    <\/li>\n     \n                    \n     \n                                    <li class=\"i-hd\">\n                                        <a href=\"https:\/\/haikyu.vn\/dev\/con-toi-co-the-choi-bo-co-bong-chuyen-haikyu-o-dau\/\">Con t\u00f4i c\u00f3 th\u1ec3 ch\u01a1i B\u1ed9 c\u1edd b\u00f3ng chuy\u1ec1n Haikyu!! \u1edf \u0111\u00e2u?<\/a>\n                                    <\/li>\n     \n                    \n     \n                                    <li class=\"i-hd\">\n                                        <a href=\"https:\/\/haikyu.vn\/dev\/bo-co-co-ban-la-gi\/\">B\u1ed9 c\u1edd c\u01a1 b\u1ea3n l\u00e0 g\u00ec?<\/a>\n                                    <\/li>\n     \n                    \n     \n                                    <li class=\"i-hd\">\n                                        <a href=\"https:\/\/haikyu.vn\/dev\/bo-co-mo-rong-la-gi\/\">B\u1ed9 c\u1edd m\u1edf r\u1ed9ng l\u00e0 g\u00ec?<\/a>\n                                    <\/li>\n     \n                    \n     \n                                    <li class=\"i-hd\">\n                                        <a href=\"https:\/\/haikyu.vn\/dev\/giai-dau-haikyu-la-gi\/\">Gi\u1ea3i \u0111\u1ea5u Haikyu!! l\u00e0 g\u00ec?<\/a>\n                                    <\/li>\n     \n                    \n     \n                                    <li class=\"i-hd\">\n                                        <a href=\"https:\/\/haikyu.vn\/dev\/con-toi-co-the-mua-bo-co-bong-chuyen-o-dau\/\">Con t\u00f4i c\u00f3 th\u1ec3 mua B\u1ed9 c\u1edd b\u00f3ng chuy\u1ec1n Haikyu!! \u1edf \u0111\u00e2u?<\/a>\n                                    <\/li>\n     \n                                <\/ul> [\/vc_column_text][\/vc_column_inner][\/vc_row_inner][\/vc_column][\/vc_row]<\/p>\n","protected":false},"excerpt":{"rendered":"<p>[vc_row][vc_column el_class=&#8221;box-noidung&#8221;][vc_column_text css=&#8221;.vc_custom_1529982080832{margin-bottom: 50px !important;}&#8221;] Gi\u1edbi thi\u1ec7u [\/vc_column_text][vc_row_inner][vc_column_inner el_class=&#8221;padding-35&#8243;][vc_column_text]\u201cB\u1ed9 c\u1edd b\u00f3ng chuy\u1ec1n Haikyu!!\u201d (t\u00ean ti\u1ebfng Anh: \u201cHaikyu!! Volleyball Card Game\u201d) l\u00e0 s\u1ea3n ph\u1ea9m TCG \u0111\u01b0\u1ee3c c\u00f4ng ty Takara Tomy ph\u00e1t h\u00e0nh v\u00e0o n\u0103m 2014 t\u1ea1i Nh\u1eadt B\u1ea3n. Tr\u00f2 ch\u01a1i n\u00e0y \u0111\u01b0\u1ee3c x\u00e2y d\u1ef1ng d\u1ef1a tr\u00ean b\u1ed9 truy\u1ec7n tranh n\u1ed5i ti\u1ebfng \u201cHaikyu!!\u201d c\u1ee7a t\u00e1c gi\u1ea3 Haruichi<\/p>\n","protected":false},"author":14,"featured_media":0,"parent":0,"menu_order":0,"comment_status":"closed","ping_status":"closed","template":"page-templates\/fullwidthpage.php","meta":[],"_links":{"self":[{"href":"https:\/\/haikyu.vn\/dev\/wp-json\/wp\/v2\/pages\/128"}],"collection":[{"href":"https:\/\/haikyu.vn\/dev\/wp-json\/wp\/v2\/pages"}],"about":[{"href":"https:\/\/haikyu.vn\/dev\/wp-json\/wp\/v2\/types\/page"}],"author":[{"embeddable":true,"href":"https:\/\/haikyu.vn\/dev\/wp-json\/wp\/v2\/users\/14"}],"replies":[{"embeddable":true,"href":"https:\/\/haikyu.vn\/dev\/wp-json\/wp\/v2\/comments?post=128"}],"version-history":[{"count":34,"href":"https:\/\/haikyu.vn\/dev\/wp-json\/wp\/v2\/pages\/128\/revisions"}],"predecessor-version":[{"id":1386,"href":"https:\/\/haikyu.vn\/dev\/wp-json\/wp\/v2\/pages\/128\/revisions\/1386"}],"wp:attachment":[{"href":"https:\/\/haikyu.vn\/dev\/wp-json\/wp\/v2\/media?parent=128"}],"curies":[{"name":"wp","href":"https:\/\/api.w.org\/{rel}","templated":true}]}}